{"id":28851,"date":"2023-06-24T09:56:59","date_gmt":"2023-06-24T07:56:59","guid":{"rendered":"https:\/\/dj-mouz.ch\/contact-2\/"},"modified":"2023-09-23T14:42:07","modified_gmt":"2023-09-23T12:42:07","slug":"contact","status":"publish","type":"page","link":"https:\/\/dj-mouz.ch\/de\/contact\/","title":{"rendered":"Kontakt"},"content":{"rendered":"<div data-elementor-type=\"wp-page\" data-elementor-id=\"28851\" class=\"elementor elementor-28851\">\n\t\t\t\t<div class=\"elementor-element elementor-element-e769f03 e-con-full e-flex e-con e-parent\" data-id=\"e769f03\" data-element_type=\"container\" data-e-type=\"container\" data-settings=\"{&quot;shape_divider_top&quot;:&quot;opacity-tilt&quot;}\">\n\t\t\t\t<div class=\"elementor-shape elementor-shape-top\" aria-hidden=\"true\" data-negative=\"false\">\n\t\t\t<svg xmlns=\"http:\/\/www.w3.org\/2000\/svg\" viewbox=\"0 0 2600 131.1\" preserveaspectratio=\"none\">\n\t<path class=\"elementor-shape-fill\" d=\"M0 0L2600 0 2600 69.1 0 0z\"\/>\n\t<path class=\"elementor-shape-fill\" style=\"opacity:0.5\" d=\"M0 0L2600 0 2600 69.1 0 69.1z\"\/>\n\t<path class=\"elementor-shape-fill\" style=\"opacity:0.25\" d=\"M2600 0L0 0 0 130.1 2600 69.1z\"\/>\n<\/svg>\t\t<\/div>\n\t\t<div class=\"elementor-element elementor-element-e90b188 e-con-full e-flex e-con e-child\" data-id=\"e90b188\" data-element_type=\"container\" data-e-type=\"container\">\n\t\t\t\t<div class=\"elementor-element elementor-element-5fab073 elementor-invisible elementor-widget elementor-widget-heading\" data-id=\"5fab073\" data-element_type=\"widget\" data-e-type=\"widget\" data-settings=\"{&quot;_animation&quot;:&quot;fadeIn&quot;}\" data-widget_type=\"heading.default\">\n\t\t\t\t<div class=\"elementor-widget-container\">\n\t\t\t\t\t<h1 class=\"elementor-heading-title elementor-size-default\">Ich freue mich von Ihnen zu h\u00f6ren<\/h1>\t\t\t\t<\/div>\n\t\t\t\t<\/div>\n\t\t\t\t<div class=\"elementor-element elementor-element-47848bf elementor-widget elementor-widget-text-editor\" data-id=\"47848bf\" data-element_type=\"widget\" data-e-type=\"widget\" data-widget_type=\"text-editor.default\">\n\t\t\t\t<div class=\"elementor-widget-container\">\n\t\t\t\t\t\t\t\t\t<p>F\u00fcr weitere Informationen und zur Abfrage der Verf\u00fcgbarkeit f\u00fcr eine Veranstaltung in der Schweiz oder im Ausland verwenden Sie bitte das untenstehende Kontaktformular.<\/p>\t\t\t\t\t\t\t\t<\/div>\n\t\t\t\t<\/div>\n\t\t\t\t<div class=\"elementor-element elementor-element-7b867ba elementor-widget-divider--view-line elementor-invisible elementor-widget elementor-widget-divider\" data-id=\"7b867ba\" data-element_type=\"widget\" data-e-type=\"widget\" data-settings=\"{&quot;_animation&quot;:&quot;fadeIn&quot;,&quot;_animation_delay&quot;:&quot;200&quot;}\" data-widget_type=\"divider.default\">\n\t\t\t\t<div class=\"elementor-widget-container\">\n\t\t\t\t\t\t\t<div class=\"elementor-divider\">\n\t\t\t<span class=\"elementor-divider-separator\">\n\t\t\t\t\t\t<\/span>\n\t\t<\/div>\n\t\t\t\t\t\t<\/div>\n\t\t\t\t<\/div>\n\t\t\t\t<div class=\"elementor-element elementor-element-485df34 elementor-align-center elementor-icon-list--layout-traditional elementor-list-item-link-full_width elementor-widget elementor-widget-icon-list\" data-id=\"485df34\" data-element_type=\"widget\" data-e-type=\"widget\" data-widget_type=\"icon-list.default\">\n\t\t\t\t<div class=\"elementor-widget-container\">\n\t\t\t\t\t\t\t<ul class=\"elementor-icon-list-items\">\n\t\t\t\t\t\t\t<li class=\"elementor-icon-list-item\">\n\t\t\t\t\t\t\t\t\t\t<span class=\"elementor-icon-list-text\"><a href=\"mailto:contact@dj-mouz.ch\">Kontaktieren Sie mich<\/a><\/span>\n\t\t\t\t\t\t\t\t\t<\/li>\n\t\t\t\t\t\t<\/ul>\n\t\t\t\t\t\t<\/div>\n\t\t\t\t<\/div>\n\t\t\t\t<\/div>\n\t\t<div class=\"elementor-element elementor-element-13348e5 e-con-full e-flex e-con e-child\" data-id=\"13348e5\" data-element_type=\"container\" data-e-type=\"container\" data-settings=\"{&quot;shape_divider_bottom&quot;:&quot;opacity-fan&quot;}\">\n\t\t\t\t<div class=\"elementor-shape elementor-shape-bottom\" aria-hidden=\"true\" data-negative=\"false\">\n\t\t\t<svg xmlns=\"http:\/\/www.w3.org\/2000\/svg\" viewbox=\"0 0 283.5 19.6\" preserveaspectratio=\"none\">\n\t<path class=\"elementor-shape-fill\" style=\"opacity:0.33\" d=\"M0 0L0 18.8 141.8 4.1 283.5 18.8 283.5 0z\"\/>\n\t<path class=\"elementor-shape-fill\" style=\"opacity:0.33\" d=\"M0 0L0 12.6 141.8 4 283.5 12.6 283.5 0z\"\/>\n\t<path class=\"elementor-shape-fill\" style=\"opacity:0.33\" d=\"M0 0L0 6.4 141.8 4 283.5 6.4 283.5 0z\"\/>\n\t<path class=\"elementor-shape-fill\" d=\"M0 0L0 1.2 141.8 4 283.5 1.2 283.5 0z\"\/>\n<\/svg>\t\t<\/div>\n\t\t\t\t<div class=\"elementor-element elementor-element-2f5bb5e eael-contact-form-7-button-full-width elementor-widget__width-initial elementor-widget elementor-widget-eael-contact-form-7\" data-id=\"2f5bb5e\" data-element_type=\"widget\" data-e-type=\"widget\" data-widget_type=\"eael-contact-form-7.default\">\n\t\t\t\t<div class=\"elementor-widget-container\">\n\t\t\t\t\t<div class=\"eael-contact-form-7-wrapper\">\n                <div class=\"eael-contact-form eael-contact-form-7 eael-contact-form-2f5bb5e placeholder-show eael-contact-form-align-center\">\n<div class=\"wpcf7 no-js\" id=\"wpcf7-f29519-o1\" lang=\"en-US\" dir=\"ltr\" data-wpcf7-id=\"29519\">\n<div class=\"screen-reader-response\"><p role=\"status\" aria-live=\"polite\" aria-atomic=\"true\"><\/p> <ul><\/ul><\/div>\n<form action=\"\/de\/wp-json\/wp\/v2\/pages\/28851#wpcf7-f29519-o1\" method=\"post\" class=\"wpcf7-form init\" aria-label=\"Contact form\" novalidate=\"novalidate\" data-status=\"init\" data-trp-original-action=\"\/de\/wp-json\/wp\/v2\/pages\/28851#wpcf7-f29519-o1\">\n<fieldset class=\"hidden-fields-container\"><input type=\"hidden\" name=\"_wpcf7\" value=\"29519\" \/><input type=\"hidden\" name=\"_wpcf7_version\" value=\"6.1.5\" \/><input type=\"hidden\" name=\"_wpcf7_locale\" value=\"en_US\" \/><input type=\"hidden\" name=\"_wpcf7_unit_tag\" value=\"wpcf7-f29519-o1\" \/><input type=\"hidden\" name=\"_wpcf7_container_post\" value=\"0\" \/><input type=\"hidden\" name=\"_wpcf7_posted_data_hash\" value=\"\" \/><input type=\"hidden\" name=\"_wpcf7_recaptcha_response\" value=\"\" \/>\n<\/fieldset>\n<p><label> Name<br \/>\n<span class=\"wpcf7-form-control-wrap\" data-name=\"your-name\"><input size=\"40\" maxlength=\"400\" class=\"wpcf7-form-control wpcf7-text wpcf7-validates-as-required\" autocomplete=\"name\" aria-required=\"true\" aria-invalid=\"false\" value=\"\" type=\"text\" name=\"your-name\" \/><\/span> <\/label>\n<\/p>\n<p><label> Email-Adresse<br \/>\n<span class=\"wpcf7-form-control-wrap\" data-name=\"your-email\"><input size=\"40\" maxlength=\"400\" class=\"wpcf7-form-control wpcf7-email wpcf7-validates-as-required wpcf7-text wpcf7-validates-as-email\" autocomplete=\"email\" aria-required=\"true\" aria-invalid=\"false\" value=\"\" type=\"email\" name=\"your-email\" \/><\/span> <\/label>\n<\/p>\n<p><label> Event-Datum<br \/>\n<span class=\"wpcf7-form-control-wrap\" data-name=\"your-event-date\"><input class=\"wpcf7-form-control wpcf7-date wpcf7-validates-as-required wpcf7-validates-as-date\" aria-required=\"true\" aria-invalid=\"false\" value=\"\" type=\"date\" name=\"your-event-date\" \/><\/span><\/label>\n<\/p>\n<p><label> Event-Typ<br \/>\n<span class=\"wpcf7-form-control-wrap\" data-name=\"your-event-type\"><input size=\"40\" maxlength=\"400\" class=\"wpcf7-form-control wpcf7-text wpcf7-validates-as-required\" aria-required=\"true\" aria-invalid=\"false\" value=\"\" type=\"text\" name=\"your-event-type\" \/><\/span> <\/label>\n<\/p>\n<p><label> EVENT ADRESSE<br \/>\n<span class=\"wpcf7-form-control-wrap\" data-name=\"your-event-address\"><input size=\"40\" maxlength=\"400\" class=\"wpcf7-form-control wpcf7-text wpcf7-validates-as-required\" aria-required=\"true\" aria-invalid=\"false\" value=\"\" type=\"text\" name=\"your-event-address\" \/><\/span> <\/label>\n<\/p>\n<p><label> Nachricht<br \/>\n<span class=\"wpcf7-form-control-wrap\" data-name=\"your-message\"><textarea cols=\"40\" rows=\"10\" maxlength=\"2000\" class=\"wpcf7-form-control wpcf7-textarea wpcf7-validates-as-required\" aria-required=\"true\" aria-invalid=\"false\" name=\"your-message\"><\/textarea><\/span> <\/label>\n<\/p>\n<p><input class=\"wpcf7-form-control wpcf7-submit has-spinner\" type=\"submit\" value=\"senden\" \/>\n<\/p><div class=\"wpcf7-response-output\" aria-hidden=\"true\"><\/div>\n<input type=\"hidden\" name=\"trp-form-language\" value=\"de\"\/><\/form>\n<\/div>\n<\/div>\n            <\/div>\t\t\t\t<\/div>\n\t\t\t\t<\/div>\n\t\t\t\t<\/div>\n\t\t<div class=\"elementor-element elementor-element-0df9735 e-con-full e-flex e-con e-child\" data-id=\"0df9735\" data-element_type=\"container\" data-e-type=\"container\">\n\t\t\t\t<div class=\"elementor-element elementor-element-968d4ce elementor-widget elementor-widget-image\" data-id=\"968d4ce\" data-element_type=\"widget\" data-e-type=\"widget\" data-widget_type=\"image.default\">\n\t\t\t\t<div class=\"elementor-widget-container\">\n\t\t\t\t\t\t\t\t\t\t\t\t\t\t\t<img fetchpriority=\"high\" decoding=\"async\" width=\"2048\" height=\"1057\" src=\"https:\/\/dj-mouz.ch\/wp-content\/uploads\/2023\/07\/code-3.jpg\" class=\"attachment-full size-full wp-image-29081\" alt=\"\" srcset=\"https:\/\/dj-mouz.ch\/wp-content\/uploads\/2023\/07\/code-3.jpg 2048w, https:\/\/dj-mouz.ch\/wp-content\/uploads\/2023\/07\/code-3-300x155.jpg 300w, https:\/\/dj-mouz.ch\/wp-content\/uploads\/2023\/07\/code-3-1024x529.jpg 1024w, https:\/\/dj-mouz.ch\/wp-content\/uploads\/2023\/07\/code-3-768x396.jpg 768w, https:\/\/dj-mouz.ch\/wp-content\/uploads\/2023\/07\/code-3-1536x793.jpg 1536w\" sizes=\"(max-width: 2048px) 100vw, 2048px\" \/>\t\t\t\t\t\t\t\t\t\t\t\t\t\t\t<\/div>\n\t\t\t\t<\/div>\n\t\t\t\t<div class=\"elementor-element elementor-element-538f518 elementor-widget elementor-widget-image\" data-id=\"538f518\" data-element_type=\"widget\" data-e-type=\"widget\" data-widget_type=\"image.default\">\n\t\t\t\t<div class=\"elementor-widget-container\">\n\t\t\t\t\t\t\t\t\t\t\t\t\t\t\t<img decoding=\"async\" width=\"3735\" height=\"1763\" data-src=\"https:\/\/dj-mouz.ch\/wp-content\/uploads\/2023\/09\/cropped-dj-mouz_2.png\" class=\"attachment-full size-full wp-image-29930 lazyload\" alt=\"\" data-srcset=\"https:\/\/dj-mouz.ch\/wp-content\/uploads\/2023\/09\/cropped-dj-mouz_2.png 3735w, https:\/\/dj-mouz.ch\/wp-content\/uploads\/2023\/09\/cropped-dj-mouz_2-300x142.png 300w, https:\/\/dj-mouz.ch\/wp-content\/uploads\/2023\/09\/cropped-dj-mouz_2-1024x483.png 1024w, https:\/\/dj-mouz.ch\/wp-content\/uploads\/2023\/09\/cropped-dj-mouz_2-768x363.png 768w, https:\/\/dj-mouz.ch\/wp-content\/uploads\/2023\/09\/cropped-dj-mouz_2-1536x725.png 1536w, https:\/\/dj-mouz.ch\/wp-content\/uploads\/2023\/09\/cropped-dj-mouz_2-2048x967.png 2048w, https:\/\/dj-mouz.ch\/wp-content\/uploads\/2023\/09\/cropped-dj-mouz_2-18x8.png 18w\" data-sizes=\"(max-width: 3735px) 100vw, 3735px\" src=\"data:image\/svg+xml;base64,PHN2ZyB3aWR0aD0iMSIgaGVpZ2h0PSIxIiB4bWxucz0iaHR0cDovL3d3dy53My5vcmcvMjAwMC9zdmciPjwvc3ZnPg==\" style=\"--smush-placeholder-width: 3735px; --smush-placeholder-aspect-ratio: 3735\/1763;\" \/>\t\t\t\t\t\t\t\t\t\t\t\t\t\t\t<\/div>\n\t\t\t\t<\/div>\n\t\t\t\t<div class=\"elementor-element elementor-element-2828e29 elementor-widget elementor-widget-image\" data-id=\"2828e29\" data-element_type=\"widget\" data-e-type=\"widget\" data-widget_type=\"image.default\">\n\t\t\t\t<div class=\"elementor-widget-container\">\n\t\t\t\t\t\t\t\t\t\t\t\t\t\t\t<img decoding=\"async\" width=\"2048\" height=\"1004\" data-src=\"https:\/\/dj-mouz.ch\/wp-content\/uploads\/2023\/07\/plug-3.jpg\" class=\"attachment-full size-full wp-image-29079 lazyload\" alt=\"\" data-srcset=\"https:\/\/dj-mouz.ch\/wp-content\/uploads\/2023\/07\/plug-3.jpg 2048w, https:\/\/dj-mouz.ch\/wp-content\/uploads\/2023\/07\/plug-3-300x147.jpg 300w, https:\/\/dj-mouz.ch\/wp-content\/uploads\/2023\/07\/plug-3-1024x502.jpg 1024w, https:\/\/dj-mouz.ch\/wp-content\/uploads\/2023\/07\/plug-3-768x377.jpg 768w, https:\/\/dj-mouz.ch\/wp-content\/uploads\/2023\/07\/plug-3-1536x753.jpg 1536w\" data-sizes=\"(max-width: 2048px) 100vw, 2048px\" src=\"data:image\/svg+xml;base64,PHN2ZyB3aWR0aD0iMSIgaGVpZ2h0PSIxIiB4bWxucz0iaHR0cDovL3d3dy53My5vcmcvMjAwMC9zdmciPjwvc3ZnPg==\" style=\"--smush-placeholder-width: 2048px; --smush-placeholder-aspect-ratio: 2048\/1004;\" \/>\t\t\t\t\t\t\t\t\t\t\t\t\t\t\t<\/div>\n\t\t\t\t<\/div>\n\t\t\t\t<\/div>\n\t\t<div class=\"elementor-element elementor-element-8916561 e-con-full e-flex e-con e-child\" data-id=\"8916561\" data-element_type=\"container\" data-e-type=\"container\">\n\t\t\t\t<div class=\"elementor-element elementor-element-d024e2c elementor-widget__width-inherit elementor-widget elementor-widget-image\" data-id=\"d024e2c\" data-element_type=\"widget\" data-e-type=\"widget\" data-widget_type=\"image.default\">\n\t\t\t\t<div class=\"elementor-widget-container\">\n\t\t\t\t\t\t\t\t\t\t\t\t\t\t\t<img decoding=\"async\" width=\"800\" height=\"323\" data-src=\"https:\/\/dj-mouz.ch\/wp-content\/uploads\/2023\/07\/ezgif.com-video-to-gif-1.gif\" class=\"attachment-full size-full wp-image-29281 lazyload\" alt=\"\" src=\"data:image\/svg+xml;base64,PHN2ZyB3aWR0aD0iMSIgaGVpZ2h0PSIxIiB4bWxucz0iaHR0cDovL3d3dy53My5vcmcvMjAwMC9zdmciPjwvc3ZnPg==\" style=\"--smush-placeholder-width: 800px; --smush-placeholder-aspect-ratio: 800\/323;\" \/>\t\t\t\t\t\t\t\t\t\t\t\t\t\t\t<\/div>\n\t\t\t\t<\/div>\n\t\t\t\t<\/div>\n\t\t\t\t<\/div>\n\t\t\t\t<\/div>","protected":false},"excerpt":{"rendered":"<p>I\u2019d love to hear from you For any information and to check for availability for an event in Switzerland or abroad please use the contact form below. Contact me Your name Your email Your event date Your event type Your event address Your message<\/p>","protected":false},"author":1,"featured_media":0,"parent":0,"menu_order":0,"comment_status":"closed","ping_status":"closed","template":"","meta":{"footnotes":""},"class_list":["post-28851","page","type-page","status-publish","hentry"],"_links":{"self":[{"href":"https:\/\/dj-mouz.ch\/de\/wp-json\/wp\/v2\/pages\/28851","targetHints":{"allow":["GET"]}}],"collection":[{"href":"https:\/\/dj-mouz.ch\/de\/wp-json\/wp\/v2\/pages"}],"about":[{"href":"https:\/\/dj-mouz.ch\/de\/wp-json\/wp\/v2\/types\/page"}],"author":[{"embeddable":true,"href":"https:\/\/dj-mouz.ch\/de\/wp-json\/wp\/v2\/users\/1"}],"replies":[{"embeddable":true,"href":"https:\/\/dj-mouz.ch\/de\/wp-json\/wp\/v2\/comments?post=28851"}],"version-history":[{"count":88,"href":"https:\/\/dj-mouz.ch\/de\/wp-json\/wp\/v2\/pages\/28851\/revisions"}],"predecessor-version":[{"id":30312,"href":"https:\/\/dj-mouz.ch\/de\/wp-json\/wp\/v2\/pages\/28851\/revisions\/30312"}],"wp:attachment":[{"href":"https:\/\/dj-mouz.ch\/de\/wp-json\/wp\/v2\/media?parent=28851"}],"curies":[{"name":"wp","href":"https:\/\/api.w.org\/{rel}","templated":true}]}}